{"id":14,"date":"2022-09-02T00:00:00","date_gmt":"2022-09-02T03:00:00","guid":{"rendered":"http:\/\/nexodoc.com.br\/?page_id=14"},"modified":"2022-09-02T16:36:14","modified_gmt":"2022-09-02T19:36:14","slug":"portfolio","status":"publish","type":"page","link":"http:\/\/nexodoc.com.br\/index.php\/portfolio\/","title":{"rendered":"Portf\u00f3lio"},"content":{"rendered":"<p>\u00a0<\/p>\n<p><a href=\"https:\/\/revista.sbrash.org.br\/index.php\/revista_sbrash\">Revista Brasileira de Sexualidade Humana<\/a><\/p>\n<p><a href=\"https:\/\/revistas.unifacs.br\">Portal de Revistas da Universidade Salvador<\/a><\/p>\n<p><a href=\"https:\/\/www5.bahiana.edu.br\">Portal de Revistas da Escola Bahiana de Medicina e Sa\u00fade P\u00fablica<\/a><\/p>\n<p><a href=\"https:\/\/www.repositorio.bahiana.edu.br\">Reposit\u00f3rio Institucional da Escola Bahiana de Medicina e Sa\u00fade P\u00fablica<\/a><\/p>\n<p><a href=\"https:\/\/www.revistas.uneb.br\">Portal de Revistas da Universidade do Estado da Bahia<\/a><\/p>\n<p><a href=\"http:\/\/saberaberto.uneb.br\">Reposit\u00f3rio da Universidade do Estado da Bahia<\/a><\/p>\n<p><a href=\"https:\/\/periodicos.ucsal.br\/\">Portal de Revistas da Universidade Cat\u00f3lica do Salvador<\/a><\/p>\n<p><a href=\"http:\/\/ri.ucsal.br:8080\/jspui\/\">Reposit\u00f3rio Institucional da Universidade Cat\u00f3lica do Salvador<\/a><\/p>\n<p><a href=\"https:\/\/www.revneuropsiq.com.br\">Revista Brasileira de Neurologia e Psiquiatria<\/a><\/p>\n<p><a href=\"https:\/\/www.portalseer.ufba.br\">Revistas do Portal da UFBA<\/a><\/p>\n<p><a href=\"http:\/\/ppg.revistas.uema.br\">Portal de Revistas da Universidade Estadual do Maranh\u00e3o<\/a><\/p>\n<p><a href=\"http:\/\/www.seer.ufal.br\">Portal de Revistas da Universidade Federal de Alagoas <\/a><\/p>\n<p><a href=\"http:\/\/www.openhit.grupotiradentes.com\">Portal de Revistas Grupo Tiradentes<\/a><\/p>\n<p><a href=\"http:\/\/www.periodocos.set.edu.br\">Reposit\u00f3rio Grupo Tiradentes<\/a><\/p>\n<p><a href=\"http:\/\/repositoriosenaiba.fieb.org.br\/jspui\/\">Reposit\u00f3rio SENAI\/CIMATEC-BA<\/a><\/p>\n<p><a href=\"http:\/\/periodicos.unichristus.edu.br\">Portal de Revistas da Unichristus<\/a><\/p>\n<p><a href=\"http:\/\/www.adventistaedu.br\">Portal de Revistas Faculdade Adventista da Bahia<\/a><\/p>\n<p><a href=\"http:\/\/revistas.faculdadesocial.edu.br\">Portal de Revistas Faculdade Social da Bahia<\/a><\/p>\n<p><a href=\"http:\/\/www.lusopedia.ufba.br\/verbetes\/\">Lusopedia &#8211; Dicion\u00e1rio cr\u00edtico das ci\u00eancias sociais dos pa\u00edses de fala portuguesa<\/a><\/p>\n<p>Outros Trabalhos<\/p>\n<p>Federa\u00e7\u00e3o Brasileira de Associa\u00e7\u00f5es de Bibliotec\u00e1rios (FEBAB)<\/p>\n<p>Conselho Regional de Biblioteconomia (CRB5)<\/p>\n<p>Conselho Regional de Contabilidade do Estado da Bahia (CRCBA)<\/p>\n<p>Associa\u00e7\u00e3o Brasileira de Estudos Canadenses (ABECAN)<\/p>\n<p>Goethe-Institut Salvador<\/p>\n\n\n<p><\/p>\n","protected":false},"excerpt":{"rendered":"<p>\u00a0 Revista Brasileira de Sexualidade Humana Portal de Revistas da Universidade Salvador Portal de Revistas da Escola Bahiana de Medicina e Sa\u00fade P\u00fablica Reposit\u00f3rio Institucional da Escola Bahiana de Medicina e Sa\u00fade P\u00fablica Portal de Revistas da Universidade do Estado da Bahia Reposit\u00f3rio da Universidade do Estado da Bahia Portal de Revistas da Universidade Cat\u00f3lica &hellip; <a href=\"http:\/\/nexodoc.com.br\/index.php\/portfolio\/\" class=\"more-link\">Continue reading<span class=\"screen-reader-text\"> &#8220;Portf\u00f3lio&#8221;<\/span><\/a><\/p>\n","protected":false},"author":1,"featured_media":0,"parent":0,"menu_order":0,"comment_status":"open","ping_status":"open","template":"","meta":[],"_links":{"self":[{"href":"http:\/\/nexodoc.com.br\/index.php\/wp-json\/wp\/v2\/pages\/14"}],"collection":[{"href":"http:\/\/nexodoc.com.br\/index.php\/wp-json\/wp\/v2\/pages"}],"about":[{"href":"http:\/\/nexodoc.com.br\/index.php\/wp-json\/wp\/v2\/types\/page"}],"author":[{"embeddable":true,"href":"http:\/\/nexodoc.com.br\/index.php\/wp-json\/wp\/v2\/users\/1"}],"replies":[{"embeddable":true,"href":"http:\/\/nexodoc.com.br\/index.php\/wp-json\/wp\/v2\/comments?post=14"}],"version-history":[{"count":20,"href":"http:\/\/nexodoc.com.br\/index.php\/wp-json\/wp\/v2\/pages\/14\/revisions"}],"predecessor-version":[{"id":234,"href":"http:\/\/nexodoc.com.br\/index.php\/wp-json\/wp\/v2\/pages\/14\/revisions\/234"}],"wp:attachment":[{"href":"http:\/\/nexodoc.com.br\/index.php\/wp-json\/wp\/v2\/media?parent=14"}],"curies":[{"name":"wp","href":"https:\/\/api.w.org\/{rel}","templated":true}]}}